{"id":11,"date":"2015-11-07T17:00:49","date_gmt":"2015-11-07T19:00:49","guid":{"rendered":"http:\/\/www.ecodigital.org.br\/novo\/?page_id=11"},"modified":"2017-07-06T17:45:11","modified_gmt":"2017-07-06T20:45:11","slug":"participe","status":"publish","type":"page","link":"https:\/\/www.ecodigital.org.br\/novo\/destaque_home\/participe\/","title":{"rendered":"Participe"},"content":{"rendered":"<p><strong>FORMUL\u00c1RIO DOA\u00c7\u00c3O DE EQUIPAMENTOS<\/strong><\/p>\n<p><strong>Preencha o formul\u00e1rio abaixo entraremos em contato em breve. <\/strong><\/p>\n\n<div class=\"wpcf7 no-js\" id=\"wpcf7-f334-o1\" lang=\"pt-BR\" dir=\"ltr\" data-wpcf7-id=\"334\">\n<div class=\"screen-reader-response\"><p role=\"status\" aria-live=\"polite\" aria-atomic=\"true\"><\/p> <ul><\/ul><\/div>\n<form action=\"\/novo\/wp-json\/wp\/v2\/pages\/11#wpcf7-f334-o1\" method=\"post\" class=\"wpcf7-form init\" aria-label=\"Formul\u00e1rios de contato\" novalidate=\"novalidate\" data-status=\"init\">\n<fieldset class=\"hidden-fields-container\"><input type=\"hidden\" name=\"_wpcf7\" value=\"334\" \/><input type=\"hidden\" name=\"_wpcf7_version\" value=\"6.1.5\" \/><input type=\"hidden\" name=\"_wpcf7_locale\" value=\"pt_BR\" \/><input type=\"hidden\" name=\"_wpcf7_unit_tag\" value=\"wpcf7-f334-o1\" \/><input type=\"hidden\" name=\"_wpcf7_container_post\" value=\"0\" \/><input type=\"hidden\" name=\"_wpcf7_posted_data_hash\" value=\"\" \/><input type=\"hidden\" name=\"_wpcf7_recaptcha_response\" value=\"\" \/>\n<\/fieldset>\n<p>Empresa\n<\/p>\n<p><span class=\"wpcf7-form-control-wrap\" data-name=\"empresa\"><input size=\"40\" maxlength=\"400\" class=\"wpcf7-form-control wpcf7-text\" aria-invalid=\"false\" value=\"\" type=\"text\" name=\"empresa\" \/><\/span>\n<\/p>\n<p>CNPJ\n<\/p>\n<p><span class=\"wpcf7-form-control-wrap\" data-name=\"cnpj\"><input size=\"40\" maxlength=\"400\" class=\"wpcf7-form-control wpcf7-text\" aria-invalid=\"false\" value=\"\" type=\"text\" name=\"cnpj\" \/><\/span>\n<\/p>\n<p>Nome\n<\/p>\n<p><span class=\"wpcf7-form-control-wrap\" data-name=\"nome\"><input size=\"40\" maxlength=\"400\" class=\"wpcf7-form-control wpcf7-text\" aria-invalid=\"false\" value=\"\" type=\"text\" name=\"nome\" \/><\/span>\n<\/p>\n<p>Cargo\n<\/p>\n<p><span class=\"wpcf7-form-control-wrap\" data-name=\"cargo\"><input size=\"40\" maxlength=\"400\" class=\"wpcf7-form-control wpcf7-text\" aria-invalid=\"false\" value=\"\" type=\"text\" name=\"cargo\" \/><\/span>\n<\/p>\n<p>Telefone\n<\/p>\n<p><span class=\"wpcf7-form-control-wrap\" data-name=\"telefone\"><input size=\"40\" maxlength=\"400\" class=\"wpcf7-form-control wpcf7-tel wpcf7-text wpcf7-validates-as-tel\" aria-invalid=\"false\" value=\"\" type=\"tel\" name=\"telefone\" \/><\/span>\n<\/p>\n<p>E-mail\n<\/p>\n<p><span class=\"wpcf7-form-control-wrap\" data-name=\"email\"><input size=\"40\" maxlength=\"400\" class=\"wpcf7-form-control wpcf7-email wpcf7-text wpcf7-validates-as-email\" aria-invalid=\"false\" value=\"\" type=\"email\" name=\"email\" \/><\/span>\n<\/p>\n<p>Detalhar os equipamentos que voc\u00ea deseja doar para a Ecodigital\n<\/p>\n<p><span class=\"wpcf7-form-control-wrap\" data-name=\"equipamentos\"><textarea cols=\"40\" rows=\"10\" maxlength=\"2000\" class=\"wpcf7-form-control wpcf7-textarea\" aria-invalid=\"false\" name=\"equipamentos\"><\/textarea><\/span>\n<\/p>\n<p>Deseja receber mensalmente not\u00edcias da Ecodigital?\n<\/p>\n<p><span class=\"wpcf7-form-control-wrap\" data-name=\"newsletter\"><span class=\"wpcf7-form-control wpcf7-radio\"><span class=\"wpcf7-list-item first\"><input type=\"radio\" name=\"newsletter\" value=\"Sim, desejo receber newsletter\" \/><span class=\"wpcf7-list-item-label\">Sim, desejo receber newsletter<\/span><\/span><span class=\"wpcf7-list-item last\"><input type=\"radio\" name=\"newsletter\" value=\"N\u00e3o\" \/><span class=\"wpcf7-list-item-label\">N\u00e3o<\/span><\/span><\/span><\/span>\n<\/p>\n<p><input class=\"wpcf7-form-control wpcf7-submit has-spinner\" type=\"submit\" value=\"Enviar\" \/>\n<\/p><div class=\"wpcf7-response-output\" aria-hidden=\"true\"><\/div>\n<\/form>\n<\/div>\n\n","protected":false},"excerpt":{"rendered":"<p>FORMUL\u00c1RIO DOA\u00c7\u00c3O DE EQUIPAMENTOS Preencha o formul\u00e1rio abaixo entraremos em contato em breve.<\/p>\n","protected":false},"author":1,"featured_media":207,"parent":501,"menu_order":0,"comment_status":"closed","ping_status":"closed","template":"","meta":{"footnotes":""},"class_list":["post-11","page","type-page","status-publish","has-post-thumbnail","hentry"],"_links":{"self":[{"href":"https:\/\/www.ecodigital.org.br\/novo\/wp-json\/wp\/v2\/pages\/11","targetHints":{"allow":["GET"]}}],"collection":[{"href":"https:\/\/www.ecodigital.org.br\/novo\/wp-json\/wp\/v2\/pages"}],"about":[{"href":"https:\/\/www.ecodigital.org.br\/novo\/wp-json\/wp\/v2\/types\/page"}],"author":[{"embeddable":true,"href":"https:\/\/www.ecodigital.org.br\/novo\/wp-json\/wp\/v2\/users\/1"}],"replies":[{"embeddable":true,"href":"https:\/\/www.ecodigital.org.br\/novo\/wp-json\/wp\/v2\/comments?post=11"}],"version-history":[{"count":4,"href":"https:\/\/www.ecodigital.org.br\/novo\/wp-json\/wp\/v2\/pages\/11\/revisions"}],"predecessor-version":[{"id":404,"href":"https:\/\/www.ecodigital.org.br\/novo\/wp-json\/wp\/v2\/pages\/11\/revisions\/404"}],"up":[{"embeddable":true,"href":"https:\/\/www.ecodigital.org.br\/novo\/wp-json\/wp\/v2\/pages\/501"}],"wp:featuredmedia":[{"embeddable":true,"href":"https:\/\/www.ecodigital.org.br\/novo\/wp-json\/wp\/v2\/media\/207"}],"wp:attachment":[{"href":"https:\/\/www.ecodigital.org.br\/novo\/wp-json\/wp\/v2\/media?parent=11"}],"curies":[{"name":"wp","href":"https:\/\/api.w.org\/{rel}","templated":true}]}}