{"id":13,"date":"2015-11-07T17:00:59","date_gmt":"2015-11-07T17:00:59","guid":{"rendered":"http:\/\/www.ecodigital.org.br\/novo\/?page_id=13"},"modified":"2025-04-24T11:19:47","modified_gmt":"2025-04-24T14:19:47","slug":"contribuicoes","status":"publish","type":"page","link":"https:\/\/www.ecodigital.org.br\/novo\/contribuicoes\/","title":{"rendered":"Contribui\u00e7\u00f5es"},"content":{"rendered":"<p style=\"text-align: justify;\"><img loading=\"lazy\" decoding=\"async\" class=\"size-full wp-image-119 alignright\" src=\"https:\/\/www.ecodigital.org.br\/novo\/wp-content\/uploads\/2015\/11\/jpg001.jpg\" alt=\"jpg001\" width=\"320\" height=\"220\" srcset=\"https:\/\/www.ecodigital.org.br\/novo\/wp-content\/uploads\/2015\/11\/jpg001.jpg 320w, https:\/\/www.ecodigital.org.br\/novo\/wp-content\/uploads\/2015\/11\/jpg001-300x206.jpg 300w\" sizes=\"auto, (max-width: 320px) 100vw, 320px\" \/>Todos n\u00f3s sabemos como \u00e9 dif\u00edcil obter recursos para manter um <b>Projeto Social<\/b>, por isso a <b>ONG Eco Digital<\/b>conta com a sua <b>Solidariedade<\/b>, depositando em nossa conta corrente qualquer valor em moeda corrente, para podermos manter este site sempre atualizado e dar continuidade ao nosso &#8220;<b>Projeto de Inclus\u00e3o Digital<\/b>&#8220;.<\/p>\n<p>Em nome de todos esses jovens, agradecemos a vossa colabora\u00e7\u00e3o.<\/p>\n<p><b>An\u00edsio<br \/>\nPresidente da ONG Eco Digital<\/b><\/p>\n<p><b>Nossa conta:<\/b><br \/>\nBANCO STONE 197 AG 0001 cc 73147183<br \/>\nFavorecido: ONG Ecodigital<br \/>\nPIX 08.919.717\/0001-43<\/p>\n","protected":false},"excerpt":{"rendered":"<p>Todos n\u00f3s sabemos como \u00e9 dif\u00edcil obter recursos para manter um Projeto Social, por isso a ONG Eco Digitalconta com a sua Solidariedade, depositando em nossa conta corrente qualquer valor em moeda corrente, para podermos manter este site sempre atualizado e dar continuidade ao nosso &#8220;Projeto de Inclus\u00e3o Digital&#8220;. Em nome de todos esses jovens,&#8230;<\/p>\n","protected":false},"author":1,"featured_media":119,"parent":0,"menu_order":0,"comment_status":"closed","ping_status":"closed","template":"","meta":{"footnotes":""},"class_list":["post-13","page","type-page","status-publish","has-post-thumbnail","hentry"],"_links":{"self":[{"href":"https:\/\/www.ecodigital.org.br\/novo\/wp-json\/wp\/v2\/pages\/13","targetHints":{"allow":["GET"]}}],"collection":[{"href":"https:\/\/www.ecodigital.org.br\/novo\/wp-json\/wp\/v2\/pages"}],"about":[{"href":"https:\/\/www.ecodigital.org.br\/novo\/wp-json\/wp\/v2\/types\/page"}],"author":[{"embeddable":true,"href":"https:\/\/www.ecodigital.org.br\/novo\/wp-json\/wp\/v2\/users\/1"}],"replies":[{"embeddable":true,"href":"https:\/\/www.ecodigital.org.br\/novo\/wp-json\/wp\/v2\/comments?post=13"}],"version-history":[{"count":4,"href":"https:\/\/www.ecodigital.org.br\/novo\/wp-json\/wp\/v2\/pages\/13\/revisions"}],"predecessor-version":[{"id":914,"href":"https:\/\/www.ecodigital.org.br\/novo\/wp-json\/wp\/v2\/pages\/13\/revisions\/914"}],"wp:featuredmedia":[{"embeddable":true,"href":"https:\/\/www.ecodigital.org.br\/novo\/wp-json\/wp\/v2\/media\/119"}],"wp:attachment":[{"href":"https:\/\/www.ecodigital.org.br\/novo\/wp-json\/wp\/v2\/media?parent=13"}],"curies":[{"name":"wp","href":"https:\/\/api.w.org\/{rel}","templated":true}]}}