{"id":17,"date":"2015-11-07T17:01:19","date_gmt":"2015-11-07T17:01:19","guid":{"rendered":"http:\/\/www.ecodigital.org.br\/novo\/?page_id=17"},"modified":"2025-04-11T08:33:46","modified_gmt":"2025-04-11T11:33:46","slug":"videos","status":"publish","type":"page","link":"https:\/\/www.ecodigital.org.br\/novo\/videos\/","title":{"rendered":"V\u00eddeos"},"content":{"rendered":"\n<figure class=\"wp-block-embed is-type-video is-provider-youtube wp-block-embed-youtube wp-embed-aspect-16-9 wp-has-aspect-ratio\"><div class=\"wp-block-embed__wrapper\">\n<iframe loading=\"lazy\" title=\"doa\u00e7\u00e3o de computador para associa\u00e7\u00e3o Igarat\u00e1\" width=\"640\" height=\"360\" src=\"https:\/\/www.youtube.com\/embed\/kwmhZHRnkKw?feature=oembed\" frameborder=\"0\" allow=\"accelerometer; autoplay; clipboard-write; encrypted-media; gyroscope; picture-in-picture; web-share\" referrerpolicy=\"strict-origin-when-cross-origin\" allowfullscreen><\/iframe>\n<\/div><\/figure>\n\n\n\n<figure class=\"wp-block-embed is-type-video is-provider-youtube wp-block-embed-youtube wp-embed-aspect-16-9 wp-has-aspect-ratio\"><div class=\"wp-block-embed__wrapper\">\n<iframe loading=\"lazy\" title=\"Entrevista da Ong Eco Digital no SBT Programa &quot;Vem Pra C\u00e1&quot;\" width=\"640\" height=\"360\" src=\"https:\/\/www.youtube.com\/embed\/jKHNuyAblIQ?start=9&#038;feature=oembed\" frameborder=\"0\" allow=\"accelerometer; autoplay; clipboard-write; encrypted-media; gyroscope; picture-in-picture; web-share\" referrerpolicy=\"strict-origin-when-cross-origin\" allowfullscreen><\/iframe>\n<\/div><\/figure>\n\n\n\n<figure class=\"wp-block-embed is-type-video is-provider-youtube wp-block-embed-youtube wp-embed-aspect-4-3 wp-has-aspect-ratio\"><div class=\"wp-block-embed__wrapper\">\n<iframe loading=\"lazy\" title=\"Programa FJR Sustentabilidade   Edi\u00e7\u00e3o 151\" width=\"640\" height=\"480\" src=\"https:\/\/www.youtube.com\/embed\/eQnOuYYwhqo?feature=oembed\" frameborder=\"0\" allow=\"accelerometer; autoplay; clipboard-write; encrypted-media; gyroscope; picture-in-picture; web-share\" referrerpolicy=\"strict-origin-when-cross-origin\" allowfullscreen><\/iframe>\n<\/div><\/figure>\n\n\n\n<figure class=\"wp-block-embed is-type-video is-provider-youtube wp-block-embed-youtube wp-embed-aspect-16-9 wp-has-aspect-ratio\"><div class=\"wp-block-embed__wrapper\">\n<iframe loading=\"lazy\" title=\"Chame Assist\u00eancia Ecodigital\" width=\"640\" height=\"360\" src=\"https:\/\/www.youtube.com\/embed\/mGT2H1HCCi4?feature=oembed\" frameborder=\"0\" allow=\"accelerometer; autoplay; clipboard-write; encrypted-media; gyroscope; picture-in-picture; web-share\" referrerpolicy=\"strict-origin-when-cross-origin\" allowfullscreen><\/iframe>\n<\/div><\/figure>\n\n\n<p>V\u00eddeos de participa\u00e7\u00f5es em programas de TV e depoimentos.<\/p>\n<p><a href=\"https:\/\/www.youtube.com\/watch?v=0g9STQbymdU\">https:\/\/www.youtube.com\/watch?v=0g9STQbymdU<\/a><\/p>\n<hr \/>\n<p><a href=\"https:\/\/www.youtube.com\/watch?v=YzXNNlHv7EE\">https:\/\/www.youtube.com\/watch?v=YzXNNlHv7EE<\/a><\/p>\n<hr \/>\n<p><iframe loading=\"lazy\" title=\"ONG ECODIGITAL TRABALHO CONCLUIDO\" width=\"640\" height=\"480\" src=\"https:\/\/www.youtube.com\/embed\/rhCkqrEbrhk?feature=oembed\" frameborder=\"0\" allow=\"accelerometer; autoplay; clipboard-write; encrypted-media; gyroscope; picture-in-picture; web-share\" referrerpolicy=\"strict-origin-when-cross-origin\" allowfullscreen><\/iframe><\/p>","protected":false},"excerpt":{"rendered":"<p>V\u00eddeos de participa\u00e7\u00f5es em programas de TV e depoimentos.<\/p>\n","protected":false},"author":1,"featured_media":327,"parent":0,"menu_order":0,"comment_status":"closed","ping_status":"closed","template":"","meta":{"footnotes":""},"class_list":["post-17","page","type-page","status-publish","has-post-thumbnail","hentry"],"_links":{"self":[{"href":"https:\/\/www.ecodigital.org.br\/novo\/wp-json\/wp\/v2\/pages\/17","targetHints":{"allow":["GET"]}}],"collection":[{"href":"https:\/\/www.ecodigital.org.br\/novo\/wp-json\/wp\/v2\/pages"}],"about":[{"href":"https:\/\/www.ecodigital.org.br\/novo\/wp-json\/wp\/v2\/types\/page"}],"author":[{"embeddable":true,"href":"https:\/\/www.ecodigital.org.br\/novo\/wp-json\/wp\/v2\/users\/1"}],"replies":[{"embeddable":true,"href":"https:\/\/www.ecodigital.org.br\/novo\/wp-json\/wp\/v2\/comments?post=17"}],"version-history":[{"count":5,"href":"https:\/\/www.ecodigital.org.br\/novo\/wp-json\/wp\/v2\/pages\/17\/revisions"}],"predecessor-version":[{"id":912,"href":"https:\/\/www.ecodigital.org.br\/novo\/wp-json\/wp\/v2\/pages\/17\/revisions\/912"}],"wp:featuredmedia":[{"embeddable":true,"href":"https:\/\/www.ecodigital.org.br\/novo\/wp-json\/wp\/v2\/media\/327"}],"wp:attachment":[{"href":"https:\/\/www.ecodigital.org.br\/novo\/wp-json\/wp\/v2\/media?parent=17"}],"curies":[{"name":"wp","href":"https:\/\/api.w.org\/{rel}","templated":true}]}}