{"id":25,"date":"2015-11-07T17:02:08","date_gmt":"2015-11-07T17:02:08","guid":{"rendered":"http:\/\/www.ecodigital.org.br\/novo\/?page_id=25"},"modified":"2016-01-11T18:25:37","modified_gmt":"2016-01-11T20:25:37","slug":"nossa-historia","status":"publish","type":"page","link":"https:\/\/www.ecodigital.org.br\/novo\/quem-somos\/nossa-historia\/","title":{"rendered":"Nossa Hist\u00f3ria"},"content":{"rendered":"<p style=\"text-align: justify;\"><img loading=\"lazy\" decoding=\"async\" class=\"size-medium wp-image-116 alignright\" src=\"https:\/\/www.ecodigital.org.br\/novo\/wp-content\/uploads\/2015\/11\/jpg006-300x206.jpg\" alt=\"jpg006\" width=\"300\" height=\"206\" srcset=\"https:\/\/www.ecodigital.org.br\/novo\/wp-content\/uploads\/2015\/11\/jpg006-300x206.jpg 300w, https:\/\/www.ecodigital.org.br\/novo\/wp-content\/uploads\/2015\/11\/jpg006.jpg 320w\" sizes=\"auto, (max-width: 300px) 100vw, 300px\" \/>A ONG Ecodigital, surgiu ap\u00f3s v\u00e1rios estudos sobre o impacto negativo causado ao meio ambiente com o descarte de equipamentos de inform\u00e1tica em estado de sucata \u00e0 natureza.<\/p>\n<p style=\"text-align: justify;\">Foram v\u00e1rias pesquisas sobre o avan\u00e7o tecnol\u00f3gico em nosso pa\u00eds e chegamos a uma conclus\u00e3o nada satisfat\u00f3ria:<\/p>\n<p style=\"text-align: justify;\">\u00bb 86% dos equipamentos fora de linha s\u00e3o sucateados e despejados em lix\u00f5es, causando assim s\u00e9rios danos \u00e0 natureza.<\/p>\n<p style=\"text-align: justify;\">\u00bb 4% s\u00e3o doados ou vendidos para os pr\u00f3prios funcion\u00e1rios das empresas.<\/p>\n<p style=\"text-align: justify;\">\u00bb 10% s\u00e3o reutilizados pelas empresas com a execu\u00e7\u00e3o de upgrades.<\/p>\n<p style=\"text-align: justify;\">Da\u00ed surgiu a id\u00e9ia da cria\u00e7\u00e3o de uma ONG, onde poder\u00edamos com a ajuda de todos realizar um &#8220;Projeto de Inclus\u00e3o Digital e Reciclagem dos Equipamentos de Inform\u00e1tica&#8221;, contribuindo assim para a preserva\u00e7\u00e3o da natureza , promovendo a inclus\u00e3o social e digital de jovens das comunidades menos favorecidas com o reaproveitamento dos equipamentos de inform\u00e1tica.<\/p>\n<p style=\"text-align: justify;\">Ensinamos a desmontar, separar as pe\u00e7as, catalogar, diagnosticar defeitos, reparar e montar novamente o equipamento.<\/p>\n<p style=\"text-align: justify;\">O restante que n\u00e3o for aproveitado \u00e9 encaminhado para o mercado de reciclagem como pl\u00e1stico, ferro, alum\u00ednio, etc.<\/p>\n<p style=\"text-align: justify;\">Os materiais considerados perigosos s\u00e3o encaminhados para empresas que d\u00e3o o destino correto conforme as normas da ISO 14001, emitindo assim um certificado de destina\u00e7\u00e3o correta para as empresas parceiras do projeto.<\/p>\n<p style=\"text-align: justify;\">Veja no link <a href=\"https:\/\/www.ecodigital.org.br\/novo\/projetos\/projeto-inclusao-digital\/\"><strong>Projeto Inclus\u00e3o Digital [CLIQUE AQUI]<\/strong><\/a> a \u00edntegra deste trabalho. Esperamos contribuir para um futuro melhor tanto para estes jovens como para o nosso planeta.<\/p>\n<hr \/>\n<p><strong>O que \u00e9 a ISO 14001:1996<\/strong><\/p>\n<p>A norma ISO 14001 \u00e9 uma ferramenta criada para auxiliar empresas a identificar, priorizar e gerenciar seus riscos ambientais como parte de suas pr\u00e1ticas usuais. A norma faz com que a empresa d\u00ea uma maior aten\u00e7\u00e3o \u00e0s quest\u00f5es mais relevantes de seu neg\u00f3cio. A ISO 14001 exige que as empresas se comprometam com a preven\u00e7\u00e3o da polui\u00e7\u00e3o e com melhorias cont\u00ednuas, como parte do ciclo normal de gest\u00e3o empresarial.<\/p>\n<p>A norma \u00e9 baseada no ciclo PDCA do ingl\u00eas &#8220;plan-do-check-act&#8221; &#8211; planejar, fazer, checar e agir &#8211; e utiliza terminologia e linguagem de gest\u00e3o conhecida.<\/p>\n","protected":false},"excerpt":{"rendered":"<p>A ONG Ecodigital, surgiu ap\u00f3s v\u00e1rios estudos sobre o impacto negativo causado ao meio ambiente com o descarte de equipamentos de inform\u00e1tica em estado de sucata \u00e0 natureza. Foram v\u00e1rias pesquisas sobre o avan\u00e7o tecnol\u00f3gico em nosso pa\u00eds e chegamos a uma conclus\u00e3o nada satisfat\u00f3ria: \u00bb 86% dos equipamentos fora de linha s\u00e3o sucateados e&#8230;<\/p>\n","protected":false},"author":1,"featured_media":0,"parent":5,"menu_order":0,"comment_status":"closed","ping_status":"closed","template":"","meta":{"footnotes":""},"class_list":["post-25","page","type-page","status-publish","hentry"],"_links":{"self":[{"href":"https:\/\/www.ecodigital.org.br\/novo\/wp-json\/wp\/v2\/pages\/25","targetHints":{"allow":["GET"]}}],"collection":[{"href":"https:\/\/www.ecodigital.org.br\/novo\/wp-json\/wp\/v2\/pages"}],"about":[{"href":"https:\/\/www.ecodigital.org.br\/novo\/wp-json\/wp\/v2\/types\/page"}],"author":[{"embeddable":true,"href":"https:\/\/www.ecodigital.org.br\/novo\/wp-json\/wp\/v2\/users\/1"}],"replies":[{"embeddable":true,"href":"https:\/\/www.ecodigital.org.br\/novo\/wp-json\/wp\/v2\/comments?post=25"}],"version-history":[{"count":6,"href":"https:\/\/www.ecodigital.org.br\/novo\/wp-json\/wp\/v2\/pages\/25\/revisions"}],"predecessor-version":[{"id":359,"href":"https:\/\/www.ecodigital.org.br\/novo\/wp-json\/wp\/v2\/pages\/25\/revisions\/359"}],"up":[{"embeddable":true,"href":"https:\/\/www.ecodigital.org.br\/novo\/wp-json\/wp\/v2\/pages\/5"}],"wp:attachment":[{"href":"https:\/\/www.ecodigital.org.br\/novo\/wp-json\/wp\/v2\/media?parent=25"}],"curies":[{"name":"wp","href":"https:\/\/api.w.org\/{rel}","templated":true}]}}