{"id":31,"date":"2015-11-07T17:02:44","date_gmt":"2015-11-07T17:02:44","guid":{"rendered":"http:\/\/www.ecodigital.org.br\/novo\/?page_id=31"},"modified":"2016-01-11T18:25:50","modified_gmt":"2016-01-11T20:25:50","slug":"reciclagem","status":"publish","type":"page","link":"https:\/\/www.ecodigital.org.br\/novo\/quem-somos\/reciclagem\/","title":{"rendered":"Reciclagem"},"content":{"rendered":"<p style=\"text-align: justify;\"><strong><img loading=\"lazy\" decoding=\"async\" class=\"size-full wp-image-212 alignright\" src=\"https:\/\/www.ecodigital.org.br\/novo\/wp-content\/uploads\/2015\/11\/jpg010.jpg\" alt=\"jpg010\" width=\"320\" height=\"220\" srcset=\"https:\/\/www.ecodigital.org.br\/novo\/wp-content\/uploads\/2015\/11\/jpg010.jpg 320w, https:\/\/www.ecodigital.org.br\/novo\/wp-content\/uploads\/2015\/11\/jpg010-300x206.jpg 300w\" sizes=\"auto, (max-width: 320px) 100vw, 320px\" \/>A ONG Ecodigital cria projeto pioneiro de Reciclagem Ambiental de equipamentos de inform\u00e1tica<\/strong><\/p>\n<p style=\"text-align: justify;\">Ap\u00f3s v\u00e1rios estudos em rela\u00e7\u00e3o ao impacto ambiental negativo causado por equipamentos de inform\u00e1tica e seus acess\u00f3rios, a ONG Ecodigital desenvolveu um projeto de inclus\u00e3o digital destinado aos Jovens de Comunidades Carentes, incluindo neste projeto aulas de Cidadania, Meio Ambiente e Reciclagem de Material de Inform\u00e1tica e um curso especifico de t\u00e9cnico em Inform\u00e1tica.<\/p>\n<p style=\"text-align: justify;\">Os requisitos para voc\u00ea participar do projeto s\u00e3o:<br \/>\nTer de 14 a 18 anos, estar cursando Ensino M\u00e9dio ou Fundamental da Rede Publica de Ensino.<\/p>\n<hr \/>\n<p style=\"text-align: justify;\"><span style=\"color: #000000; font-family: Tahoma; font-size: small;\"><b>C<\/b><\/span><b><span style=\"color: #000000; font-family: Tahoma; font-size: small;\">adastre-se para a nova fase do Projeto &#8220;Inclus\u00e3o Digital e Reciclagem Ambiental&#8221;.<br \/>\n<a href=\"https:\/\/www.ecodigital.org.br\/novo\/contato\/projeto-inclusao-digital-e-reciclagem-ambiental\/\"><img loading=\"lazy\" decoding=\"async\" class=\"alignnone size-full wp-image-351\" src=\"https:\/\/www.ecodigital.org.br\/novo\/wp-content\/uploads\/2015\/11\/clique.jpg\" alt=\"clique\" width=\"93\" height=\"24\" \/><\/a><br \/>\n<\/span><\/b><\/p>\n<hr \/>\n<p style=\"text-align: justify;\"><b><span style=\"color: #000000; font-family: Tahoma; font-size: small;\">Agora se voc\u00ea \u00e9 empres\u00e1rio, quiser colaborar com o Projeto nos doando <b>Equipamentos Sucateados<\/b>, aqueles que para voc\u00ea j\u00e1 n\u00e3o tem mais utilidade, preencha o formul\u00e1rio \u00e0 seguir, n\u00f3s da <b>ONG Ecodigital<\/b> teremos o prazer de recolher todo o seu material sucateado.<br \/>\n<\/span><\/b><span style=\"color: #000000; font-family: Tahoma; font-size: small;\"><b>Quero participar!<\/b><\/span><b><br \/>\n<a href=\"https:\/\/www.ecodigital.org.br\/novo\/contato\/doacao-de-equipamentos\/\"><img loading=\"lazy\" decoding=\"async\" class=\"alignnone size-full wp-image-351\" src=\"https:\/\/www.ecodigital.org.br\/novo\/wp-content\/uploads\/2015\/11\/clique.jpg\" alt=\"clique\" width=\"93\" height=\"24\" \/><\/a><\/b><\/p>\n","protected":false},"excerpt":{"rendered":"<p>A ONG Ecodigital cria projeto pioneiro de Reciclagem Ambiental de equipamentos de inform\u00e1tica Ap\u00f3s v\u00e1rios estudos em rela\u00e7\u00e3o ao impacto ambiental negativo causado por equipamentos de inform\u00e1tica e seus acess\u00f3rios, a ONG Ecodigital desenvolveu um projeto de inclus\u00e3o digital destinado aos Jovens de Comunidades Carentes, incluindo neste projeto aulas de Cidadania, Meio Ambiente e Reciclagem&#8230;<\/p>\n","protected":false},"author":1,"featured_media":0,"parent":5,"menu_order":0,"comment_status":"closed","ping_status":"closed","template":"","meta":{"footnotes":""},"class_list":["post-31","page","type-page","status-publish","hentry"],"_links":{"self":[{"href":"https:\/\/www.ecodigital.org.br\/novo\/wp-json\/wp\/v2\/pages\/31","targetHints":{"allow":["GET"]}}],"collection":[{"href":"https:\/\/www.ecodigital.org.br\/novo\/wp-json\/wp\/v2\/pages"}],"about":[{"href":"https:\/\/www.ecodigital.org.br\/novo\/wp-json\/wp\/v2\/types\/page"}],"author":[{"embeddable":true,"href":"https:\/\/www.ecodigital.org.br\/novo\/wp-json\/wp\/v2\/users\/1"}],"replies":[{"embeddable":true,"href":"https:\/\/www.ecodigital.org.br\/novo\/wp-json\/wp\/v2\/comments?post=31"}],"version-history":[{"count":4,"href":"https:\/\/www.ecodigital.org.br\/novo\/wp-json\/wp\/v2\/pages\/31\/revisions"}],"predecessor-version":[{"id":352,"href":"https:\/\/www.ecodigital.org.br\/novo\/wp-json\/wp\/v2\/pages\/31\/revisions\/352"}],"up":[{"embeddable":true,"href":"https:\/\/www.ecodigital.org.br\/novo\/wp-json\/wp\/v2\/pages\/5"}],"wp:attachment":[{"href":"https:\/\/www.ecodigital.org.br\/novo\/wp-json\/wp\/v2\/media?parent=31"}],"curies":[{"name":"wp","href":"https:\/\/api.w.org\/{rel}","templated":true}]}}