{"id":37,"date":"2015-11-07T17:03:30","date_gmt":"2015-11-07T17:03:30","guid":{"rendered":"http:\/\/www.ecodigital.org.br\/novo\/?page_id=37"},"modified":"2016-01-11T18:21:02","modified_gmt":"2016-01-11T20:21:02","slug":"localizacao","status":"publish","type":"page","link":"https:\/\/www.ecodigital.org.br\/novo\/contato\/localizacao\/","title":{"rendered":"Localiza\u00e7\u00e3o"},"content":{"rendered":"<p><b>Ecodigital<br \/>\n<\/b>P\u00e7a. Joaquim Jos\u00e9 da Nova, 49 &#8211; Vila Maria<br \/>\nCEP 02126-000 &#8211; S\u00e3o Paulo\/SP &#8211; Brasil<br \/>\nCentral de Atendimento: (11) 2631-1330<br \/>\nWhatsApp: (11) 9 9806-9386<\/p>\n<hr \/>\n<p>&nbsp;<\/p>\n<p><iframe loading=\"lazy\" style=\"border: 0;\" src=\"https:\/\/www.google.com\/maps\/embed?pb=!1m14!1m8!1m3!1d117046.65611216387!2d-46.618229185363774!3d-23.543002426853732!3m2!1i1024!2i768!4f13.1!3m3!1m2!1s0x94ce5f52c0908a19%3A0xa5f6d1bf5ccc3da9!2sPra%C3%A7a+Joaquim+Jos%C3%A9+da+Nova%2C+49+-+Vila+Maria+Alta%2C+S%C3%A3o+Paulo+-+SP%2C+Brasil!5e0!3m2!1spt-BR!2sbr!4v1447185075326\" width=\"800\" height=\"600\" frameborder=\"0\" allowfullscreen=\"allowfullscreen\"><\/iframe><\/p>\n","protected":false},"excerpt":{"rendered":"<p>Ecodigital P\u00e7a. Joaquim Jos\u00e9 da Nova, 49 &#8211; Vila Maria CEP 02126-000 &#8211; S\u00e3o Paulo\/SP &#8211; Brasil Central de Atendimento: (11) 2631-1330 WhatsApp: (11) 9 9806-9386 &nbsp;<\/p>\n","protected":false},"author":1,"featured_media":0,"parent":21,"menu_order":0,"comment_status":"closed","ping_status":"closed","template":"","meta":{"footnotes":""},"class_list":["post-37","page","type-page","status-publish","hentry"],"_links":{"self":[{"href":"https:\/\/www.ecodigital.org.br\/novo\/wp-json\/wp\/v2\/pages\/37","targetHints":{"allow":["GET"]}}],"collection":[{"href":"https:\/\/www.ecodigital.org.br\/novo\/wp-json\/wp\/v2\/pages"}],"about":[{"href":"https:\/\/www.ecodigital.org.br\/novo\/wp-json\/wp\/v2\/types\/page"}],"author":[{"embeddable":true,"href":"https:\/\/www.ecodigital.org.br\/novo\/wp-json\/wp\/v2\/users\/1"}],"replies":[{"embeddable":true,"href":"https:\/\/www.ecodigital.org.br\/novo\/wp-json\/wp\/v2\/comments?post=37"}],"version-history":[{"count":2,"href":"https:\/\/www.ecodigital.org.br\/novo\/wp-json\/wp\/v2\/pages\/37\/revisions"}],"predecessor-version":[{"id":317,"href":"https:\/\/www.ecodigital.org.br\/novo\/wp-json\/wp\/v2\/pages\/37\/revisions\/317"}],"up":[{"embeddable":true,"href":"https:\/\/www.ecodigital.org.br\/novo\/wp-json\/wp\/v2\/pages\/21"}],"wp:attachment":[{"href":"https:\/\/www.ecodigital.org.br\/novo\/wp-json\/wp\/v2\/media?parent=37"}],"curies":[{"name":"wp","href":"https:\/\/api.w.org\/{rel}","templated":true}]}}